{"id":8552,"date":"2025-10-10T20:54:31","date_gmt":"2025-10-11T02:54:31","guid":{"rendered":"https:\/\/lafetesauvagecommunity.com\/termes-et-conditions\/"},"modified":"2026-02-27T17:56:48","modified_gmt":"2026-02-27T23:56:48","slug":"termes-et-conditions","status":"publish","type":"page","link":"https:\/\/lafetesauvagecommunity.com\/fr\/termes-et-conditions\/","title":{"rendered":"Termes et Conditions"},"content":{"rendered":"\t\t<div data-elementor-type=\"wp-page\" data-elementor-id=\"8552\" class=\"elementor elementor-8552 elementor-183\">\n\t\t\t\t<div class=\"elementor-element elementor-element-6578e17f e-flex e-con-boxed e-con e-parent\" data-id=\"6578e17f\" data-element_type=\"container\" data-e-type=\"container\">\n\t\t\t\t\t<div class=\"e-con-inner\">\n\t\t\t\t<div class=\"elementor-element elementor-element-81fc8fc elementor-widget elementor-widget-spacer\" data-id=\"81fc8fc\" data-element_type=\"widget\" data-e-type=\"widget\" data-widget_type=\"spacer.default\">\n\t\t\t\t<div class=\"elementor-widget-container\">\n\t\t\t\t\t\t\t<div class=\"elementor-spacer\">\n\t\t\t<div class=\"elementor-spacer-inner\"><\/div>\n\t\t<\/div>\n\t\t\t\t\t\t<\/div>\n\t\t\t\t<\/div>\n\t\t\t\t<div class=\"elementor-element elementor-element-1be7966d elementor-widget elementor-widget-heading\" data-id=\"1be7966d\" data-element_type=\"widget\" data-e-type=\"widget\" data-widget_type=\"heading.default\">\n\t\t\t\t<div class=\"elementor-widget-container\">\n\t\t\t\t\t<h2 class=\"elementor-heading-title elementor-size-default\">Termes et Conditions<\/h2>\t\t\t\t<\/div>\n\t\t\t\t<\/div>\n\t\t\t\t<div class=\"elementor-element elementor-element-57b27af6 elementor-widget elementor-widget-text-editor\" data-id=\"57b27af6\" data-element_type=\"widget\" data-e-type=\"widget\" data-widget_type=\"text-editor.default\">\n\t\t\t\t<div class=\"elementor-widget-container\">\n\t\t\t\t\t\t\t\t\t<h3 style=\"text-align: left;\" data-start=\"48\" data-end=\"72\"><strong data-start=\"52\" data-end=\"72\">Politique de non-remboursement<\/strong><\/h3><p data-start=\"74\" data-end=\"355\">Chez La F\u00eate Sauvage, tous les billets achet\u00e9s pour nos \u00e9v\u00e9nements sont non remboursables.<br data-start=\"158\" data-end=\"161\">Une fois l\u2019achat effectu\u00e9, aucun remboursement ne sera accord\u00e9, quelles que soient les circonstances, y compris si le participant ne peut assister \u00e0 l\u2019\u00e9v\u00e9nement pour des raisons personnelles ou externes.<\/p><p data-start=\"357\" data-end=\"500\">L\u2019\u00e9v\u00e9nement est consid\u00e9r\u00e9 comme r\u00e9alis\u00e9 d\u00e8s lors qu\u2019il a lieu \u00e0 la date, \u00e0 l\u2019heure et au lieu annonc\u00e9s, ind\u00e9pendamment de la pr\u00e9sence individuelle.<\/p><p data-start=\"502\" data-end=\"649\">Nous vous remercions pour votre compr\u00e9hension et votre soutien. Chaque \u00e9v\u00e9nement implique une planification et une logistique rigoureuses reposant sur l\u2019engagement de tous les participants.<\/p>\t\t\t\t\t\t\t\t<\/div>\n\t\t\t\t<\/div>\n\t\t\t\t<div class=\"elementor-element elementor-element-b3be235 elementor-widget elementor-widget-text-editor\" data-id=\"b3be235\" data-element_type=\"widget\" data-e-type=\"widget\" data-widget_type=\"text-editor.default\">\n\t\t\t\t<div class=\"elementor-widget-container\">\n\t\t\t\t\t\t\t\t\t<h3 data-start=\"48\" data-end=\"72\">Avis d\u2019enregistrement et d\u2019utilisation d\u2019image<\/h3><p data-start=\"74\" data-end=\"355\">Cet \u00e9v\u00e9nement pourra \u00eatre enregistr\u00e9 et photographi\u00e9 (audio et vid\u00e9o) \u00e0 des fins promotionnelles, commerciales et de diffusion sur des plateformes num\u00e9riques, y compris, sans s\u2019y limiter, YouTube et les r\u00e9seaux sociaux.<br>En entrant et\/ou en participant \u00e0 l\u2019\u00e9v\u00e9nement, les participants accordent leur consentement expr\u00e8s \u00e0 l\u2019utilisation, la reproduction, la diffusion et la repr\u00e9sentation publique de leur image, voix et\/ou apparence, sans droit \u00e0 aucune compensation financi\u00e8re.<\/p>\t\t\t\t\t\t\t\t<\/div>\n\t\t\t\t<\/div>\n\t\t\t\t\t<\/div>\n\t\t\t\t<\/div>\n\t\t<div class=\"elementor-element elementor-element-3b69a5a e-flex e-con-boxed e-con e-parent\" data-id=\"3b69a5a\" data-element_type=\"container\" data-e-type=\"container\">\n\t\t\t\t\t<div class=\"e-con-inner\">\n\t\t\t\t\t<\/div>\n\t\t\t\t<\/div>\n\t\t\t\t<\/div>\n\t\t","protected":false},"excerpt":{"rendered":"<p>Termes et Conditions Politique de non-remboursement Chez La F\u00eate Sauvage, tous les billets achet\u00e9s pour nos \u00e9v\u00e9nements sont non remboursables.Une fois l\u2019achat effectu\u00e9, aucun remboursement ne sera accord\u00e9, quelles que [&hellip;]<\/p>\n","protected":false},"author":1,"featured_media":0,"parent":0,"menu_order":0,"comment_status":"closed","ping_status":"closed","template":"elementor_header_footer","meta":{"_monsterinsights_skip_tracking":false,"_monsterinsights_sitenote_active":false,"_monsterinsights_sitenote_note":"","_monsterinsights_sitenote_category":0,"_price":"","_stock":"","_tribe_ticket_header":"","_tribe_default_ticket_provider":"","_tribe_ticket_capacity":"0","_ticket_start_date":"","_ticket_end_date":"","_tribe_ticket_show_description":"","_tribe_ticket_show_not_going":false,"_tribe_ticket_use_global_stock":"","_tribe_ticket_global_stock_level":"","_global_stock_mode":"","_global_stock_cap":"","_tribe_rsvp_for_event":"","_tribe_ticket_going_count":"","_tribe_ticket_not_going_count":"","_tribe_tickets_list":"[]","_tribe_ticket_has_attendee_info_fields":false,"_EventAllDay":false,"_EventTimezone":"","_EventStartDate":"","_EventEndDate":"","_EventStartDateUTC":"","_EventEndDateUTC":"","_EventShowMap":false,"_EventShowMapLink":false,"_EventURL":"","_EventCost":"","_EventCostDescription":"","_EventCurrencySymbol":"","_EventCurrencyCode":"","_EventCurrencyPosition":"","_EventDateTimeSeparator":"","_EventTimeRangeSeparator":"","_EventOrganizerID":[],"_EventVenueID":[],"_OrganizerEmail":"","_OrganizerPhone":"","_OrganizerWebsite":"","_VenueAddress":"","_VenueCity":"","_VenueCountry":"","_VenueProvince":"","_VenueState":"","_VenueZip":"","_VenuePhone":"","_VenueURL":"","_VenueStateProvince":"","_VenueLat":"","_VenueLng":"","_VenueShowMap":false,"_VenueShowMapLink":false,"footnotes":"","_tec_slr_enabled":"","_tec_slr_layout":""},"class_list":["post-8552","page","type-page","status-publish","hentry"],"aioseo_notices":[],"ticketed":false,"_links":{"self":[{"href":"https:\/\/lafetesauvagecommunity.com\/fr\/wp-json\/wp\/v2\/pages\/8552","targetHints":{"allow":["GET"]}}],"collection":[{"href":"https:\/\/lafetesauvagecommunity.com\/fr\/wp-json\/wp\/v2\/pages"}],"about":[{"href":"https:\/\/lafetesauvagecommunity.com\/fr\/wp-json\/wp\/v2\/types\/page"}],"author":[{"embeddable":true,"href":"https:\/\/lafetesauvagecommunity.com\/fr\/wp-json\/wp\/v2\/users\/1"}],"replies":[{"embeddable":true,"href":"https:\/\/lafetesauvagecommunity.com\/fr\/wp-json\/wp\/v2\/comments?post=8552"}],"version-history":[{"count":1,"href":"https:\/\/lafetesauvagecommunity.com\/fr\/wp-json\/wp\/v2\/pages\/8552\/revisions"}],"predecessor-version":[{"id":8553,"href":"https:\/\/lafetesauvagecommunity.com\/fr\/wp-json\/wp\/v2\/pages\/8552\/revisions\/8553"}],"wp:attachment":[{"href":"https:\/\/lafetesauvagecommunity.com\/fr\/wp-json\/wp\/v2\/media?parent=8552"}],"curies":[{"name":"wp","href":"https:\/\/api.w.org\/{rel}","templated":true}]}}